{"id":7,"date":"2024-07-24T09:09:26","date_gmt":"2024-07-24T09:09:26","guid":{"rendered":"https:\/\/appui-indusmobilite.tn\/?page_id=7"},"modified":"2025-05-16T10:43:38","modified_gmt":"2025-05-16T10:43:38","slug":"accueil","status":"publish","type":"page","link":"https:\/\/appui-indusmobilite.tn\/","title":{"rendered":"Accueil"},"content":{"rendered":"\t\t<div data-elementor-type=\"wp-page\" data-elementor-id=\"7\" class=\"elementor elementor-7\">\n\t\t\t\t<div class=\"elementor-element elementor-element-37759ba e-flex e-con-boxed wpr-particle-no wpr-jarallax-no wpr-parallax-no wpr-sticky-section-no e-con e-parent\" data-id=\"37759ba\" data-element_type=\"container\" data-settings=\"{&quot;background_background&quot;:&quot;slideshow&quot;,&quot;background_slideshow_gallery&quot;:[{&quot;id&quot;:30,&quot;url&quot;:&quot;https:\\\/\\\/appui-indusmobilite.tn\\\/wp-content\\\/uploads\\\/2024\\\/07\\\/Appui-indus-GIZ-GFA-accueil-1-min.png&quot;},{&quot;id&quot;:185,&quot;url&quot;:&quot;https:\\\/\\\/appui-indusmobilite.tn\\\/wp-content\\\/uploads\\\/2024\\\/08\\\/Appui-indus-GIZ-GFA-4-scaled.jpg&quot;}],&quot;background_slideshow_loop&quot;:&quot;yes&quot;,&quot;background_slideshow_slide_duration&quot;:5000,&quot;background_slideshow_slide_transition&quot;:&quot;fade&quot;,&quot;background_slideshow_transition_duration&quot;:500}\">\n\t\t\t\t\t<div class=\"e-con-inner\">\n\t\t<div class=\"elementor-element elementor-element-860fe57 e-con-full e-flex wpr-particle-no wpr-jarallax-no wpr-parallax-no wpr-sticky-section-no e-con e-child\" data-id=\"860fe57\" data-element_type=\"container\">\n\t\t\t\t<div class=\"elementor-element elementor-element-1743f9e elementor-widget elementor-widget-heading\" data-id=\"1743f9e\" data-element_type=\"widget\" data-widget_type=\"heading.default\">\n\t\t\t\t<div class=\"elementor-widget-container\">\n\t\t\t\t\t<h2 class=\"elementor-heading-title elementor-size-default\">Programme d'appui \u00e0 l'industrie de la mobilit\u00e9<\/h2>\t\t\t\t<\/div>\n\t\t\t\t<\/div>\n\t\t\t\t<\/div>\n\t\t\t\t\t<\/div>\n\t\t\t\t<\/div>\n\t\t<div class=\"elementor-element elementor-element-0320e5c e-flex e-con-boxed wpr-particle-no wpr-jarallax-no wpr-parallax-no wpr-sticky-section-no e-con e-parent\" data-id=\"0320e5c\" data-element_type=\"container\">\n\t\t\t\t\t<div class=\"e-con-inner\">\n\t\t<div class=\"elementor-element elementor-element-e57a249 e-con-full e-flex wpr-particle-no wpr-jarallax-no wpr-parallax-no wpr-sticky-section-no e-con e-child\" data-id=\"e57a249\" data-element_type=\"container\">\n\t\t\t\t<div class=\"elementor-element elementor-element-4f3fa3b elementor-widget elementor-widget-heading\" data-id=\"4f3fa3b\" data-element_type=\"widget\" data-widget_type=\"heading.default\">\n\t\t\t\t<div class=\"elementor-widget-container\">\n\t\t\t\t\t<h2 class=\"elementor-heading-title elementor-size-default\">Le Projet<\/h2>\t\t\t\t<\/div>\n\t\t\t\t<\/div>\n\t\t\t\t<div class=\"elementor-element elementor-element-5ed2f93 elementor-widget elementor-widget-text-editor\" data-id=\"5ed2f93\" data-element_type=\"widget\" data-widget_type=\"text-editor.default\">\n\t\t\t\t<div class=\"elementor-widget-container\">\n\t\t\t\t\t\t\t\t\t<p style=\"font-weight: 400;\">Le projet\u00a0<strong>\u00ab\u00a0Partenariats pour l\u2019emploi et l\u2019appui aux petites et moyennes entreprises en Tunisie II\u00a0\u00bb s\u2019inscrit dans le cadre de\u00a0\u00a0l\u2019Initiative sp\u00e9ciale \u00ab\u00a0Emploi d\u00e9cent pour une transition juste\u00a0\u00bb <\/strong>par <a href=\"https:\/\/www.linkedin.com\/company\/bmz-bund\/\"><strong>le minist\u00e8re f\u00e9d\u00e9ral allemand de la Coop\u00e9ration \u00e9conomique et du D\u00e9veloppement (BMZ)<\/strong><\/a> et<strong>\u00a0<\/strong>mis en \u0153uvre par <strong>la GIZ Tunisie<\/strong> sous la tutelle du minist\u00e8re de l\u2019Industrie, des Mines et de l\u2019Energie (MIME) , s\u2019adresse aux\u00a0entreprises qui op\u00e8rent dans les secteurs \u00a0de\u00a0l\u2019<strong>automobile<\/strong>\u00a0, \u00a0<strong>a\u00e9ronautique et \u00e9lectronique\u00a0<\/strong>\u00a0et\u00a0qui constituent un moteur de croissance, d\u2019innovation et de cr\u00e9ation d\u2019emplois prometteurs pour la Tunisie.<\/p><p style=\"font-weight: 400;\">Le projet est soutenu et mis en \u0153uvre en collaboration avec la\u00a0Tunisian\u00a0Automotive\u00a0Association<strong>\u00a0TAA,\u00a0<\/strong>le\u00a0Groupement des\u00a0Industries\u00a0Tunisiennes\u00a0A\u00e9ronautiques et\u00a0Spatiales\u00a0<strong>GITAS\u00a0<\/strong>et le Cluster des industries \u00e9lectroniques\u00a0<strong>ELENTICA.<\/strong>\u00a0<strong>\u00a0<\/strong><\/p>\t\t\t\t\t\t\t\t<\/div>\n\t\t\t\t<\/div>\n\t\t\t\t<div class=\"elementor-element elementor-element-9e1c3e8 elementor-widget elementor-widget-image\" data-id=\"9e1c3e8\" data-element_type=\"widget\" data-widget_type=\"image.default\">\n\t\t\t\t<div class=\"elementor-widget-container\">\n\t\t\t\t\t\t\t\t\t\t\t\t\t\t\t<img fetchpriority=\"high\" decoding=\"async\" width=\"1125\" height=\"75\" src=\"https:\/\/appui-indusmobilite.tn\/wp-content\/uploads\/2025\/05\/Bande-Logo-GIZ-GFA-maj-asso-470x31.png\" class=\"attachment-full size-full wp-image-379\" alt=\"\" srcset=\"https:\/\/appui-indusmobilite.tn\/wp-content\/uploads\/2025\/05\/Bande-Logo-GIZ-GFA-maj-asso.png 1125w, https:\/\/appui-indusmobilite.tn\/wp-content\/uploads\/2025\/05\/Bande-Logo-GIZ-GFA-maj-asso-300x20.png 300w, https:\/\/appui-indusmobilite.tn\/wp-content\/uploads\/2025\/05\/Bande-Logo-GIZ-GFA-maj-asso-1024x68.png 1024w, https:\/\/appui-indusmobilite.tn\/wp-content\/uploads\/2025\/05\/Bande-Logo-GIZ-GFA-maj-asso-768x51.png 768w, https:\/\/appui-indusmobilite.tn\/wp-content\/uploads\/2025\/05\/Bande-Logo-GIZ-GFA-maj-asso-470x31.png 470w\" sizes=\"(max-width: 1125px) 100vw, 1125px\" \/>\t\t\t\t\t\t\t\t\t\t\t\t\t\t\t<\/div>\n\t\t\t\t<\/div>\n\t\t\t\t<div class=\"elementor-element elementor-element-1a346f2 elementor-align-center elementor-widget elementor-widget-button\" data-id=\"1a346f2\" data-element_type=\"widget\" data-widget_type=\"button.default\">\n\t\t\t\t<div class=\"elementor-widget-container\">\n\t\t\t\t\t\t\t\t\t<div class=\"elementor-button-wrapper\">\n\t\t\t\t\t<a class=\"elementor-button elementor-button-link elementor-size-sm\" href=\"https:\/\/appui-indusmobilite.tn\/?page_id=10\">\n\t\t\t\t\t\t<span class=\"elementor-button-content-wrapper\">\n\t\t\t\t\t\t\t\t\t<span class=\"elementor-button-text\">Programme d'appui aux PME<\/span>\n\t\t\t\t\t<\/span>\n\t\t\t\t\t<\/a>\n\t\t\t\t<\/div>\n\t\t\t\t\t\t\t\t<\/div>\n\t\t\t\t<\/div>\n\t\t\t\t<\/div>\n\t\t<div class=\"elementor-element elementor-element-8a6ca04 e-con-full e-flex wpr-particle-no wpr-jarallax-no wpr-parallax-no wpr-sticky-section-no e-con e-child\" data-id=\"8a6ca04\" data-element_type=\"container\" data-settings=\"{&quot;background_background&quot;:&quot;classic&quot;}\">\n\t\t\t\t<div class=\"elementor-element elementor-element-f028546 elementor-widget elementor-widget-heading\" data-id=\"f028546\" data-element_type=\"widget\" data-widget_type=\"heading.default\">\n\t\t\t\t<div class=\"elementor-widget-container\">\n\t\t\t\t\t<h2 class=\"elementor-heading-title elementor-size-default\">Appel \u00e0 manifestation d'int\u00e9r\u00eat<\/h2>\t\t\t\t<\/div>\n\t\t\t\t<\/div>\n\t\t\t\t<div class=\"elementor-element elementor-element-ef0a749 elementor-widget elementor-widget-text-editor\" data-id=\"ef0a749\" data-element_type=\"widget\" data-widget_type=\"text-editor.default\">\n\t\t\t\t<div class=\"elementor-widget-container\">\n\t\t\t\t\t\t\t\t\t<p><b><span lang=\"FR\">Le projet \u00ab Partenariats pour l\u2019emploi et l\u2019appui aux petites et moyennes entreprises en Tunisie II \u00bb a lanc\u00e9 un programme d\u2019appui aux PME. Si vous d\u00e9sirez en faire b\u00e9n\u00e9ficier votre entreprise<\/span><\/b><\/p>\t\t\t\t\t\t\t\t<\/div>\n\t\t\t\t<\/div>\n\t\t\t\t<div class=\"elementor-element elementor-element-0dad1c1 elementor-align-center elementor-widget elementor-widget-button\" data-id=\"0dad1c1\" data-element_type=\"widget\" data-widget_type=\"button.default\">\n\t\t\t\t<div class=\"elementor-widget-container\">\n\t\t\t\t\t\t\t\t\t<div class=\"elementor-button-wrapper\">\n\t\t\t\t\t<a class=\"elementor-button elementor-button-link elementor-size-sm\" href=\"https:\/\/ee-eu.kobotoolbox.org\/x\/beTIbqOp\">\n\t\t\t\t\t\t<span class=\"elementor-button-content-wrapper\">\n\t\t\t\t\t\t\t\t\t<span class=\"elementor-button-text\">Cliquez ici<\/span>\n\t\t\t\t\t<\/span>\n\t\t\t\t\t<\/a>\n\t\t\t\t<\/div>\n\t\t\t\t\t\t\t\t<\/div>\n\t\t\t\t<\/div>\n\t\t\t\t<\/div>\n\t\t\t\t\t<\/div>\n\t\t\t\t<\/div>\n\t\t<div class=\"elementor-element elementor-element-cf80cb4 e-flex e-con-boxed wpr-particle-no wpr-jarallax-no wpr-parallax-no wpr-sticky-section-no e-con e-parent\" data-id=\"cf80cb4\" data-element_type=\"container\">\n\t\t\t\t\t<div class=\"e-con-inner\">\n\t\t\t\t<div class=\"elementor-element elementor-element-4602831 elementor-widget-divider--view-line elementor-widget elementor-widget-divider\" data-id=\"4602831\" data-element_type=\"widget\" data-widget_type=\"divider.default\">\n\t\t\t\t<div class=\"elementor-widget-container\">\n\t\t\t\t\t\t\t<div class=\"elementor-divider\">\n\t\t\t<span class=\"elementor-divider-separator\">\n\t\t\t\t\t\t<\/span>\n\t\t<\/div>\n\t\t\t\t\t\t<\/div>\n\t\t\t\t<\/div>\n\t\t\t\t\t<\/div>\n\t\t\t\t<\/div>\n\t\t<div class=\"elementor-element elementor-element-3083ccc e-flex e-con-boxed wpr-particle-no wpr-jarallax-no wpr-parallax-no wpr-sticky-section-no e-con e-parent\" data-id=\"3083ccc\" data-element_type=\"container\" data-settings=\"{&quot;background_background&quot;:&quot;classic&quot;}\">\n\t\t\t\t\t<div class=\"e-con-inner\">\n\t\t<div class=\"elementor-element elementor-element-b006dc0 e-con-full e-flex wpr-particle-no wpr-jarallax-no wpr-parallax-no wpr-sticky-section-no e-con e-child\" data-id=\"b006dc0\" data-element_type=\"container\" data-settings=\"{&quot;background_background&quot;:&quot;classic&quot;}\">\n\t\t\t\t<div class=\"elementor-element elementor-element-fa77f77 elementor-view-default elementor-position-top elementor-mobile-position-top elementor-widget elementor-widget-icon-box\" data-id=\"fa77f77\" data-element_type=\"widget\" data-widget_type=\"icon-box.default\">\n\t\t\t\t<div class=\"elementor-widget-container\">\n\t\t\t\t\t\t\t<div class=\"elementor-icon-box-wrapper\">\n\n\t\t\t\t\t\t<div class=\"elementor-icon-box-icon\">\n\t\t\t\t<span  class=\"elementor-icon\">\n\t\t\t\t<svg aria-hidden=\"true\" class=\"e-font-icon-svg e-fas-search\" viewBox=\"0 0 512 512\" xmlns=\"http:\/\/www.w3.org\/2000\/svg\"><path d=\"M505 442.7L405.3 343c-4.5-4.5-10.6-7-17-7H372c27.6-35.3 44-79.7 44-128C416 93.1 322.9 0 208 0S0 93.1 0 208s93.1 208 208 208c48.3 0 92.7-16.4 128-44v16.3c0 6.4 2.5 12.5 7 17l99.7 99.7c9.4 9.4 24.6 9.4 33.9 0l28.3-28.3c9.4-9.4 9.4-24.6.1-34zM208 336c-70.7 0-128-57.2-128-128 0-70.7 57.2-128 128-128 70.7 0 128 57.2 128 128 0 70.7-57.2 128-128 128z\"><\/path><\/svg>\t\t\t\t<\/span>\n\t\t\t<\/div>\n\t\t\t\n\t\t\t\t\t\t<div class=\"elementor-icon-box-content\">\n\n\t\t\t\t\t\t\t\t\t<h3 class=\"elementor-icon-box-title\">\n\t\t\t\t\t\t<span  >\n\t\t\t\t\t\t\tDiagnostic\t\t\t\t\t\t<\/span>\n\t\t\t\t\t<\/h3>\n\t\t\t\t\n\t\t\t\t\t\t\t\t\t<p class=\"elementor-icon-box-description\">\n\t\t\t\t\t\tUne premi\u00e8re phase de diagnostic a eu lieu entre septembre 2023 et f\u00e9vrier 2024, elle a \u00e9t\u00e9 men\u00e9e avec une quarantaine de PME dans les trois secteurs confondus, ayant des m\u00e9tiers diversifi\u00e9s, de tailles diff\u00e9rentes et de plusieurs r\u00e9gions tunisiennes.\t\t\t\t\t<\/p>\n\t\t\t\t\n\t\t\t<\/div>\n\t\t\t\n\t\t<\/div>\n\t\t\t\t\t\t<\/div>\n\t\t\t\t<\/div>\n\t\t\t\t<\/div>\n\t\t<div class=\"elementor-element elementor-element-37f7f17 e-con-full e-flex wpr-particle-no wpr-jarallax-no wpr-parallax-no wpr-sticky-section-no e-con e-child\" data-id=\"37f7f17\" data-element_type=\"container\" data-settings=\"{&quot;background_background&quot;:&quot;classic&quot;}\">\n\t\t\t\t<div class=\"elementor-element elementor-element-713a981 elementor-view-default elementor-position-top elementor-mobile-position-top elementor-widget elementor-widget-icon-box\" data-id=\"713a981\" data-element_type=\"widget\" data-widget_type=\"icon-box.default\">\n\t\t\t\t<div class=\"elementor-widget-container\">\n\t\t\t\t\t\t\t<div class=\"elementor-icon-box-wrapper\">\n\n\t\t\t\t\t\t<div class=\"elementor-icon-box-icon\">\n\t\t\t\t<span  class=\"elementor-icon\">\n\t\t\t\t<svg aria-hidden=\"true\" class=\"e-font-icon-svg e-fas-external-link-alt\" viewBox=\"0 0 512 512\" xmlns=\"http:\/\/www.w3.org\/2000\/svg\"><path d=\"M432,320H400a16,16,0,0,0-16,16V448H64V128H208a16,16,0,0,0,16-16V80a16,16,0,0,0-16-16H48A48,48,0,0,0,0,112V464a48,48,0,0,0,48,48H400a48,48,0,0,0,48-48V336A16,16,0,0,0,432,320ZM488,0h-128c-21.37,0-32.05,25.91-17,41l35.73,35.73L135,320.37a24,24,0,0,0,0,34L157.67,377a24,24,0,0,0,34,0L435.28,133.32,471,169c15,15,41,4.5,41-17V24A24,24,0,0,0,488,0Z\"><\/path><\/svg>\t\t\t\t<\/span>\n\t\t\t<\/div>\n\t\t\t\n\t\t\t\t\t\t<div class=\"elementor-icon-box-content\">\n\n\t\t\t\t\t\t\t\t\t<h3 class=\"elementor-icon-box-title\">\n\t\t\t\t\t\t<span  >\n\t\t\t\t\t\t\tD\u00e9ploiement\t\t\t\t\t\t<\/span>\n\t\t\t\t\t<\/h3>\n\t\t\t\t\n\t\t\t\t\t\t\t\t\t<p class=\"elementor-icon-box-description\">\n\t\t\t\t\t\tUne deuxi\u00e8me phase de d\u00e9ploiement partag\u00e9e en deux vagues.\n\nLa premi\u00e8re vague de d\u00e9ploiement dont le d\u00e9roulement est pr\u00e9vu entre les mois d\u2019Avril 2024 et de D\u00e9cembre 2024, a commenc\u00e9 par un appel \u00e0 manifestation d\u2019int\u00e9r\u00eat.\n\nLa deuxi\u00e8me vague de d\u00e9ploiement suivra le m\u00eame processus et se d\u00e9roulera entre le mois de janvier et d\u00e9cembre 2025\t\t\t\t\t<\/p>\n\t\t\t\t\n\t\t\t<\/div>\n\t\t\t\n\t\t<\/div>\n\t\t\t\t\t\t<\/div>\n\t\t\t\t<\/div>\n\t\t\t\t<\/div>\n\t\t<div class=\"elementor-element elementor-element-17acb95 e-con-full e-flex wpr-particle-no wpr-jarallax-no wpr-parallax-no wpr-sticky-section-no e-con e-child\" data-id=\"17acb95\" data-element_type=\"container\" data-settings=\"{&quot;background_background&quot;:&quot;classic&quot;}\">\n\t\t\t\t<div class=\"elementor-element elementor-element-2a4fcfa elementor-view-default elementor-position-top elementor-mobile-position-top elementor-widget elementor-widget-icon-box\" data-id=\"2a4fcfa\" data-element_type=\"widget\" data-widget_type=\"icon-box.default\">\n\t\t\t\t<div class=\"elementor-widget-container\">\n\t\t\t\t\t\t\t<div class=\"elementor-icon-box-wrapper\">\n\n\t\t\t\t\t\t<div class=\"elementor-icon-box-icon\">\n\t\t\t\t<span  class=\"elementor-icon\">\n\t\t\t\t<svg aria-hidden=\"true\" class=\"e-font-icon-svg e-fas-edit\" viewBox=\"0 0 576 512\" xmlns=\"http:\/\/www.w3.org\/2000\/svg\"><path d=\"M402.6 83.2l90.2 90.2c3.8 3.8 3.8 10 0 13.8L274.4 405.6l-92.8 10.3c-12.4 1.4-22.9-9.1-21.5-21.5l10.3-92.8L388.8 83.2c3.8-3.8 10-3.8 13.8 0zm162-22.9l-48.8-48.8c-15.2-15.2-39.9-15.2-55.2 0l-35.4 35.4c-3.8 3.8-3.8 10 0 13.8l90.2 90.2c3.8 3.8 10 3.8 13.8 0l35.4-35.4c15.2-15.3 15.2-40 0-55.2zM384 346.2V448H64V128h229.8c3.2 0 6.2-1.3 8.5-3.5l40-40c7.6-7.6 2.2-20.5-8.5-20.5H48C21.5 64 0 85.5 0 112v352c0 26.5 21.5 48 48 48h352c26.5 0 48-21.5 48-48V306.2c0-10.7-12.9-16-20.5-8.5l-40 40c-2.2 2.3-3.5 5.3-3.5 8.5z\"><\/path><\/svg>\t\t\t\t<\/span>\n\t\t\t<\/div>\n\t\t\t\n\t\t\t\t\t\t<div class=\"elementor-icon-box-content\">\n\n\t\t\t\t\t\t\t\t\t<h3 class=\"elementor-icon-box-title\">\n\t\t\t\t\t\t<span  >\n\t\t\t\t\t\t\t\u00c9valuation\t\t\t\t\t\t<\/span>\n\t\t\t\t\t<\/h3>\n\t\t\t\t\n\t\t\t\t\t\t\t\t\t<p class=\"elementor-icon-box-description\">\n\t\t\t\t\t\tUne troisi\u00e8me phase d\u2019\u00e9valuation\ndes acquis se tiendra \u00e0 la fin du projet afin de mesurer l\u2019impact des actions entreprises pour en tirer les meilleures le\u00e7ons et ancrer les acquis.\t\t\t\t\t<\/p>\n\t\t\t\t\n\t\t\t<\/div>\n\t\t\t\n\t\t<\/div>\n\t\t\t\t\t\t<\/div>\n\t\t\t\t<\/div>\n\t\t\t\t<\/div>\n\t\t\t\t\t<\/div>\n\t\t\t\t<\/div>\n\t\t<div class=\"elementor-element elementor-element-936048a e-flex e-con-boxed wpr-particle-no wpr-jarallax-no wpr-parallax-no wpr-sticky-section-no e-con e-parent\" data-id=\"936048a\" data-element_type=\"container\" data-settings=\"{&quot;background_background&quot;:&quot;slideshow&quot;,&quot;background_slideshow_gallery&quot;:[],&quot;background_slideshow_loop&quot;:&quot;yes&quot;,&quot;background_slideshow_slide_duration&quot;:5000,&quot;background_slideshow_slide_transition&quot;:&quot;fade&quot;,&quot;background_slideshow_transition_duration&quot;:500}\">\n\t\t\t\t\t<div class=\"e-con-inner\">\n\t\t\t\t<div class=\"elementor-element elementor-element-dcf0df9 elementor-align-center elementor-widget elementor-widget-button\" data-id=\"dcf0df9\" data-element_type=\"widget\" data-widget_type=\"button.default\">\n\t\t\t\t<div class=\"elementor-widget-container\">\n\t\t\t\t\t\t\t\t\t<div class=\"elementor-button-wrapper\">\n\t\t\t\t\t<a class=\"elementor-button elementor-button-link elementor-size-sm\" href=\"https:\/\/appui-indusmobilite.tn\/?page_id=12\">\n\t\t\t\t\t\t<span class=\"elementor-button-content-wrapper\">\n\t\t\t\t\t\t\t\t\t<span class=\"elementor-button-text\">Lire plus<\/span>\n\t\t\t\t\t<\/span>\n\t\t\t\t\t<\/a>\n\t\t\t\t<\/div>\n\t\t\t\t\t\t\t\t<\/div>\n\t\t\t\t<\/div>\n\t\t\t\t\t<\/div>\n\t\t\t\t<\/div>\n\t\t<div class=\"elementor-element elementor-element-cdf4e36 e-flex e-con-boxed wpr-particle-no wpr-jarallax-no wpr-parallax-no wpr-sticky-section-no e-con e-parent\" data-id=\"cdf4e36\" data-element_type=\"container\">\n\t\t\t\t\t<div class=\"e-con-inner\">\n\t\t\t\t<div class=\"elementor-element elementor-element-866057c elementor-widget-divider--view-line elementor-widget elementor-widget-divider\" data-id=\"866057c\" data-element_type=\"widget\" data-widget_type=\"divider.default\">\n\t\t\t\t<div class=\"elementor-widget-container\">\n\t\t\t\t\t\t\t<div class=\"elementor-divider\">\n\t\t\t<span class=\"elementor-divider-separator\">\n\t\t\t\t\t\t<\/span>\n\t\t<\/div>\n\t\t\t\t\t\t<\/div>\n\t\t\t\t<\/div>\n\t\t\t\t\t<\/div>\n\t\t\t\t<\/div>\n\t\t\t\t<\/div>\n\t\t","protected":false},"excerpt":{"rendered":"<p>Programme d&rsquo;appui \u00e0 l&rsquo;industrie de la mobilit\u00e9 Le Projet Le projet\u00a0\u00ab\u00a0Partenariats pour l\u2019emploi et l\u2019appui aux petites et moyennes entreprises en Tunisie II\u00a0\u00bb s\u2019inscrit dans le cadre de\u00a0\u00a0l\u2019Initiative sp\u00e9ciale \u00ab\u00a0Emploi d\u00e9cent pour une transition juste\u00a0\u00bb par le minist\u00e8re f\u00e9d\u00e9ral allemand de la Coop\u00e9ration \u00e9conomique et du D\u00e9veloppement (BMZ) et\u00a0mis en \u0153uvre par la GIZ Tunisie sous la tutelle du minist\u00e8re de l\u2019Industrie, des Mines et de l\u2019Energie (MIME) , s\u2019adresse aux\u00a0entreprises qui op\u00e8rent dans les secteurs \u00a0de\u00a0l\u2019automobile\u00a0, \u00a0a\u00e9ronautique et \u00e9lectronique\u00a0\u00a0et\u00a0qui constituent un moteur de croissance, d\u2019innovation et de cr\u00e9ation d\u2019emplois prometteurs pour la Tunisie. Le projet est soutenu et mis en \u0153uvre en collaboration avec la\u00a0Tunisian\u00a0Automotive\u00a0Association\u00a0TAA,\u00a0le\u00a0Groupement des\u00a0Industries\u00a0Tunisiennes\u00a0A\u00e9ronautiques et\u00a0Spatiales\u00a0GITAS\u00a0et le Cluster des industries \u00e9lectroniques\u00a0ELENTICA.\u00a0\u00a0 Programme d&rsquo;appui aux PME Appel \u00e0 manifestation d&rsquo;int\u00e9r\u00eat Le projet \u00ab Partenariats pour l\u2019emploi et l\u2019appui aux petites et moyennes entreprises en Tunisie II \u00bb a lanc\u00e9 un programme d\u2019appui aux PME. Si vous d\u00e9sirez en faire b\u00e9n\u00e9ficier votre entreprise Cliquez ici Diagnostic Une premi\u00e8re phase de diagnostic a eu lieu entre septembre 2023 et f\u00e9vrier 2024, elle a \u00e9t\u00e9 men\u00e9e avec une quarantaine de PME dans les trois secteurs confondus, ayant des m\u00e9tiers diversifi\u00e9s, de tailles diff\u00e9rentes et de plusieurs r\u00e9gions tunisiennes. D\u00e9ploiement Une deuxi\u00e8me phase de d\u00e9ploiement partag\u00e9e en deux vagues. La premi\u00e8re vague de d\u00e9ploiement dont le d\u00e9roulement est pr\u00e9vu entre les mois d\u2019Avril 2024 et de D\u00e9cembre 2024, a commenc\u00e9 par un appel \u00e0 manifestation d\u2019int\u00e9r\u00eat. La deuxi\u00e8me vague de d\u00e9ploiement suivra le m\u00eame processus et se d\u00e9roulera entre le mois de janvier et d\u00e9cembre 2025 \u00c9valuation Une troisi\u00e8me phase d\u2019\u00e9valuation des acquis se tiendra \u00e0 la fin du projet afin de mesurer l\u2019impact des actions entreprises pour en tirer les meilleures le\u00e7ons et ancrer les acquis. Lire plus<\/p>\n","protected":false},"author":1,"featured_media":0,"parent":0,"menu_order":0,"comment_status":"closed","ping_status":"closed","template":"","meta":{"site-sidebar-layout":"no-sidebar","site-content-layout":"","ast-site-content-layout":"full-width-container","site-content-style":"default","site-sidebar-style":"default","ast-global-header-display":"","ast-banner-title-visibility":"","ast-main-header-display":"","ast-hfb-above-header-display":"","ast-hfb-below-header-display":"","ast-hfb-mobile-header-display":"","site-post-title":"disabled","ast-breadcrumbs-content":"","ast-featured-img":"disabled","footer-sml-layout":"","theme-transparent-header-meta":"","adv-header-id-meta":"","stick-header-meta":"","header-above-stick-meta":"","header-main-stick-meta":"","header-below-stick-meta":"","astra-migrate-meta-layouts":"default","ast-page-background-enabled":"default","ast-page-background-meta":{"desktop":{"background-color":"var(--ast-global-color-4)","background-image":"","background-repeat":"repeat","background-position":"center center","background-size":"auto","background-attachment":"scroll","background-type":"","background-media":"","overlay-type":"","overlay-color":"","overlay-opacity":"","overlay-gradient":""},"tablet":{"background-color":"","background-image":"","background-repeat":"repeat","background-position":"center center","background-size":"auto","background-attachment":"scroll","background-type":"","background-media":"","overlay-type":"","overlay-color":"","overlay-opacity":"","overlay-gradient":""},"mobile":{"background-color":"","background-image":"","background-repeat":"repeat","background-position":"center center","background-size":"auto","background-attachment":"scroll","background-type":"","background-media":"","overlay-type":"","overlay-color":"","overlay-opacity":"","overlay-gradient":""}},"ast-content-background-meta":{"desktop":{"background-color":"var(--ast-global-color-5)","background-image":"","background-repeat":"repeat","background-position":"center center","background-size":"auto","background-attachment":"scroll","background-type":"","background-media":"","overlay-type":"","overlay-color":"","overlay-opacity":"","overlay-gradient":""},"tablet":{"background-color":"var(--ast-global-color-5)","background-image":"","background-repeat":"repeat","background-position":"center center","background-size":"auto","background-attachment":"scroll","background-type":"","background-media":"","overlay-type":"","overlay-color":"","overlay-opacity":"","overlay-gradient":""},"mobile":{"background-color":"var(--ast-global-color-5)","background-image":"","background-repeat":"repeat","background-position":"center center","background-size":"auto","background-attachment":"scroll","background-type":"","background-media":"","overlay-type":"","overlay-color":"","overlay-opacity":"","overlay-gradient":""}},"footnotes":""},"class_list":["post-7","page","type-page","status-publish","hentry"],"_links":{"self":[{"href":"https:\/\/appui-indusmobilite.tn\/index.php?rest_route=\/wp\/v2\/pages\/7","targetHints":{"allow":["GET"]}}],"collection":[{"href":"https:\/\/appui-indusmobilite.tn\/index.php?rest_route=\/wp\/v2\/pages"}],"about":[{"href":"https:\/\/appui-indusmobilite.tn\/index.php?rest_route=\/wp\/v2\/types\/page"}],"author":[{"embeddable":true,"href":"https:\/\/appui-indusmobilite.tn\/index.php?rest_route=\/wp\/v2\/users\/1"}],"replies":[{"embeddable":true,"href":"https:\/\/appui-indusmobilite.tn\/index.php?rest_route=%2Fwp%2Fv2%2Fcomments&post=7"}],"version-history":[{"count":73,"href":"https:\/\/appui-indusmobilite.tn\/index.php?rest_route=\/wp\/v2\/pages\/7\/revisions"}],"predecessor-version":[{"id":407,"href":"https:\/\/appui-indusmobilite.tn\/index.php?rest_route=\/wp\/v2\/pages\/7\/revisions\/407"}],"wp:attachment":[{"href":"https:\/\/appui-indusmobilite.tn\/index.php?rest_route=%2Fwp%2Fv2%2Fmedia&parent=7"}],"curies":[{"name":"wp","href":"https:\/\/api.w.org\/{rel}","templated":true}]}}